{"id":8240,"date":"2023-03-23T14:05:49","date_gmt":"2023-03-23T14:05:49","guid":{"rendered":"https:\/\/www.mlakdeniz.com\/shop\/?post_type=product&#038;p=8240"},"modified":"2026-02-13T10:10:55","modified_gmt":"2026-02-13T10:10:55","slug":"zebra-rfd8500-sayim-cihazi","status":"publish","type":"product","link":"https:\/\/www.mlakdeniz.com\/shop\/urun\/zebra-rfd8500-sayim-cihazi\/","title":{"rendered":"Zebra RFD8500 Say\u0131m Cihaz\u0131"},"content":{"rendered":"","protected":false},"excerpt":{"rendered":"<h2 data-toggle=\"collapse\">Zebra kalitesi ile iPAD tabletinizi M&amp;L program\u0131 ile entegre ettikten sonra ma\u011fazan\u0131zdaki \u00fcr\u00fcnleri \u00e7ok k\u0131sa bir s\u00fcrede sayabilirsiniz. B\u00f6ylelikle en de\u011ferli olan \u00fcr\u00fcn\u00fcn\u00fcz zaman\u0131n\u0131z size kalacakt\u0131r.<\/h2>\n","protected":false},"featured_media":8241,"comment_status":"open","ping_status":"closed","template":"","meta":[],"product_cat":[69],"product_tag":[],"class_list":{"0":"post-8240","1":"product","2":"type-product","3":"status-publish","4":"has-post-thumbnail","6":"product_cat-rfid-sistem-cozumleri","8":"first","9":"outofstock","10":"shipping-taxable","11":"purchasable","12":"product-type-simple"},"_links":{"self":[{"href":"https:\/\/www.mlakdeniz.com\/shop\/wp-json\/wp\/v2\/product\/8240","targetHints":{"allow":["GET"]}}],"collection":[{"href":"https:\/\/www.mlakdeniz.com\/shop\/wp-json\/wp\/v2\/product"}],"about":[{"href":"https:\/\/www.mlakdeniz.com\/shop\/wp-json\/wp\/v2\/types\/product"}],"replies":[{"embeddable":true,"href":"https:\/\/www.mlakdeniz.com\/shop\/wp-json\/wp\/v2\/comments?post=8240"}],"wp:featuredmedia":[{"embeddable":true,"href":"https:\/\/www.mlakdeniz.com\/shop\/wp-json\/wp\/v2\/media\/8241"}],"wp:attachment":[{"href":"https:\/\/www.mlakdeniz.com\/shop\/wp-json\/wp\/v2\/media?parent=8240"}],"wp:term":[{"taxonomy":"product_cat","embeddable":true,"href":"https:\/\/www.mlakdeniz.com\/shop\/wp-json\/wp\/v2\/product_cat?post=8240"},{"taxonomy":"product_tag","embeddable":true,"href":"https:\/\/www.mlakdeniz.com\/shop\/wp-json\/wp\/v2\/product_tag?post=8240"}],"curies":[{"name":"wp","href":"https:\/\/api.w.org\/{rel}","templated":true}]}}