{"id":8207,"date":"2021-11-10T10:03:40","date_gmt":"2021-11-10T10:03:40","guid":{"rendered":"https:\/\/www.mlakdeniz.com\/shop\/?post_type=product&#038;p=8207"},"modified":"2025-01-09T08:52:35","modified_gmt":"2025-01-09T08:52:35","slug":"ml-web-rapor-yonetici-raporlari","status":"publish","type":"product","link":"https:\/\/www.mlakdeniz.com\/shop\/urun\/ml-web-rapor-yonetici-raporlari\/","title":{"rendered":"ML Web Rapor Y\u00f6netici Raporlar\u0131"},"content":{"rendered":"<p>Online Olarak G\u00f6rebilece\u011finiz Raporlar<\/p>\n<p><strong>Firma Raporlar\u0131 &#8211;\u00a0<\/strong><\/p>\n<p>Verimlilik Raporu<\/p>\n<p>Pozisyon Raporu<\/p>\n<p>Firma Extre<\/p>\n<p><strong>Stok Raporlar\u0131 &#8211; <\/strong><\/p>\n<p>T\u00fcm Stoklar<\/p>\n<p>Barkodlu Stoklar<\/p>\n<p>Resimli Stoklar<\/p>\n<p><strong>Sat\u0131\u015f Raporlar\u0131 &#8211;<\/strong><\/p>\n<p>Tezgahtar Sat\u0131\u015f Raporu<\/p>\n<p>Ma\u011faza Genel Raporu<\/p>\n<p><strong>Bilan\u00e7o Raporu<\/strong><\/p>\n<p><strong>Ayl\u0131k Masraf Raporu\u00a0<\/strong><\/p>\n<p><strong>Ma\u011faza Genel Raporu\u00a0<\/strong><\/p>\n<p>&nbsp;<\/p>\n","protected":false},"excerpt":{"rendered":"<p>Firma Y\u00f6neticileri i\u00e7in Raporlama<\/p>\n<p>Mevcut Kulland\u0131\u011f\u0131n\u0131z ML Programlar\u0131yla Entegre \u00c7al\u0131\u015f\u0131r<\/p>\n<p>Cep Telefonu &#8211; Tablet &#8211; Notebook lar\u0131n\u0131zdan anl\u0131k olarak uzaktan raporlama<\/p>\n<p>ML Fiyat G\u00f6ster \u00d6zelli\u011fi<\/p>\n","protected":false},"featured_media":8208,"comment_status":"closed","ping_status":"closed","template":"","meta":[],"product_cat":[15],"product_tag":[],"class_list":{"0":"post-8207","1":"product","2":"type-product","3":"status-publish","4":"has-post-thumbnail","6":"product_cat-kuyumculuk-programlari","8":"first","9":"instock","10":"shipping-taxable","11":"purchasable","12":"product-type-simple"},"_links":{"self":[{"href":"https:\/\/www.mlakdeniz.com\/shop\/wp-json\/wp\/v2\/product\/8207","targetHints":{"allow":["GET"]}}],"collection":[{"href":"https:\/\/www.mlakdeniz.com\/shop\/wp-json\/wp\/v2\/product"}],"about":[{"href":"https:\/\/www.mlakdeniz.com\/shop\/wp-json\/wp\/v2\/types\/product"}],"replies":[{"embeddable":true,"href":"https:\/\/www.mlakdeniz.com\/shop\/wp-json\/wp\/v2\/comments?post=8207"}],"wp:featuredmedia":[{"embeddable":true,"href":"https:\/\/www.mlakdeniz.com\/shop\/wp-json\/wp\/v2\/media\/8208"}],"wp:attachment":[{"href":"https:\/\/www.mlakdeniz.com\/shop\/wp-json\/wp\/v2\/media?parent=8207"}],"wp:term":[{"taxonomy":"product_cat","embeddable":true,"href":"https:\/\/www.mlakdeniz.com\/shop\/wp-json\/wp\/v2\/product_cat?post=8207"},{"taxonomy":"product_tag","embeddable":true,"href":"https:\/\/www.mlakdeniz.com\/shop\/wp-json\/wp\/v2\/product_tag?post=8207"}],"curies":[{"name":"wp","href":"https:\/\/api.w.org\/{rel}","templated":true}]}}