{"id":8181,"date":"2021-10-27T11:32:23","date_gmt":"2021-10-27T11:32:23","guid":{"rendered":"https:\/\/www.mlakdeniz.com\/shop\/?post_type=product&#038;p=8181"},"modified":"2025-01-09T08:54:42","modified_gmt":"2025-01-09T08:54:42","slug":"ages-2000-lik-etiket","status":"publish","type":"product","link":"https:\/\/www.mlakdeniz.com\/shop\/urun\/ages-2000-lik-etiket\/","title":{"rendered":"Ages 2000 lik Etiket"},"content":{"rendered":"<p>(Rfid Devreli) etiketlerdir 2000 adet olarak bulunur.<\/p>\n<p>&nbsp;<\/p>\n<p>\u00d6zel \u00fcrettirilen, AGES Rfid etiketleridir. Sistemde kullan\u0131lan yaz\u0131c\u0131lara ,okuyucu ve antenlere uygun \u00fcretilmi\u015ftir. Ayn\u0131 zamanda kuyumculuk sekt\u00f6r\u00fcn\u00fcn standartlar\u0131na uygun Is\u0131, \u0131\u015f\u0131k ve sudan etkilenmeyen y\u00fczeye sahiptir. Is\u0131, \u0131\u015f\u0131k ve sudan etkilenmez olup tamamen kuyumculuk i\u00e7in \u00fcretilmi\u015f rulo halinde etiketlerdir. 1 ruloda \u00a02000 adetlik etiket vard\u0131r. Bu etiketlerin \u015feridine de ribbon ad\u0131 verilir. 1 rulo ribbon ile 2000 adet AGES Rfid Kuyumculuk etiketi bas\u0131labilir. Ages Rfid yaz\u0131c\u0131,okuyucu anten ribbon ve etiket birbiri ile uyumlu olmal\u0131d\u0131r.<\/p>\n","protected":false},"excerpt":{"rendered":"<h4><strong>ML Ages Rfid Etiket 2000 adet<\/strong><\/h4>\n","protected":false},"featured_media":8182,"comment_status":"open","ping_status":"closed","template":"","meta":[],"product_cat":[69],"product_tag":[],"class_list":{"0":"post-8181","1":"product","2":"type-product","3":"status-publish","4":"has-post-thumbnail","6":"product_cat-rfid-sistem-cozumleri","8":"first","9":"instock","10":"shipping-taxable","11":"purchasable","12":"product-type-simple"},"_links":{"self":[{"href":"https:\/\/www.mlakdeniz.com\/shop\/wp-json\/wp\/v2\/product\/8181","targetHints":{"allow":["GET"]}}],"collection":[{"href":"https:\/\/www.mlakdeniz.com\/shop\/wp-json\/wp\/v2\/product"}],"about":[{"href":"https:\/\/www.mlakdeniz.com\/shop\/wp-json\/wp\/v2\/types\/product"}],"replies":[{"embeddable":true,"href":"https:\/\/www.mlakdeniz.com\/shop\/wp-json\/wp\/v2\/comments?post=8181"}],"wp:featuredmedia":[{"embeddable":true,"href":"https:\/\/www.mlakdeniz.com\/shop\/wp-json\/wp\/v2\/media\/8182"}],"wp:attachment":[{"href":"https:\/\/www.mlakdeniz.com\/shop\/wp-json\/wp\/v2\/media?parent=8181"}],"wp:term":[{"taxonomy":"product_cat","embeddable":true,"href":"https:\/\/www.mlakdeniz.com\/shop\/wp-json\/wp\/v2\/product_cat?post=8181"},{"taxonomy":"product_tag","embeddable":true,"href":"https:\/\/www.mlakdeniz.com\/shop\/wp-json\/wp\/v2\/product_tag?post=8181"}],"curies":[{"name":"wp","href":"https:\/\/api.w.org\/{rel}","templated":true}]}}