{"id":8178,"date":"2021-10-26T13:11:13","date_gmt":"2021-10-26T13:11:13","guid":{"rendered":"https:\/\/www.mlakdeniz.com\/shop\/?post_type=product&#038;p=8178"},"modified":"2025-01-09T08:55:42","modified_gmt":"2025-01-09T08:55:42","slug":"evolis-zenius-kart-yazici","status":"publish","type":"product","link":"https:\/\/www.mlakdeniz.com\/shop\/urun\/evolis-zenius-kart-yazici\/","title":{"rendered":"Evolis Zenius Plastik Sertifika Kart Yaz\u0131c\u0131"},"content":{"rendered":"<h2><strong>GENEL BASKI \u00d6ZELL\u0130KLER\u0130<\/strong><\/h2>\n<p>\u2022 Do\u011frudan Karta Sublimasyon Y\u00f6ntemi ile Termal Transfer Bask\u0131 Teknolojisi<br \/>\n\u2022 Tek Y\u00fcz Termal Bask\u0131 Se\u00e7ene\u011fi<br \/>\n\u2022 300 dpi Bask\u0131 Kafas\u0131<br \/>\n\u2022 ISO CR-80 Standartlar\u0131nda 86 mm x 54 mm Ebatlar\u0131nda Kartlara Bask\u0131<br \/>\n\u2022 Tam Renkli Bask\u0131: Saatte 120-150 Kart Tek Tarafl\u0131 (YMCKO)<br \/>\n\u2022 Monochrome Bask\u0131: Saatte 400-500 Kart Tek Tarafl\u0131 (K)<\/p>\n<p>&nbsp;<\/p>\n<h2><strong>F\u0130Z\u0130KSEL, YAZILIM VE OPS\u0130YONEL \u00d6ZELL\u0130KLER\u0130<\/strong><\/h2>\n<p>\u2022 T\u00fcm G\u00fcncel Windows \u0130\u015fletim Sistemleri \u0130le Uyumlu<br \/>\n\u2022 USB- Opsiyonel Fabrika \u00c7\u0131k\u0131\u015fl\u0131 Ethernet Ba\u011flant\u0131<br \/>\n\u2022 LED G\u00f6sterge Paneli<br \/>\n\u2022 16 MB Haf\u0131za<br \/>\n\u2022 Geni\u015flik: 205mm \/ Y\u00fckseklik: 195mm \/ Derinlik: 315mm \/ A\u011f\u0131rl\u0131k: 3,3kg<br \/>\n\u2022 Standart 50 Kart Giri\u015f Haznesi, 20 Kart \u00c7\u0131k\u0131\u015f Haznesi<\/p>\n","protected":false},"excerpt":{"rendered":"<p><span id=\"shipmentDetailBtn\">Teslimat Bilgisi:\u00a0<strong>\u00dccretsiz Kargo<\/strong><\/span><\/p>\n<p><span class=\"cargoTime-container\"><i class=\"cargoTime\">En ge\u00e7<strong>\u00a05 i\u015f g\u00fcn\u00fc<\/strong>\u00a0i\u00e7erisinde kargoya verilir<\/i><\/span><\/p>\n<p>Evolis Zenius Sertifika Kart Yaz\u0131c\u0131s\u0131<\/p>\n","protected":false},"featured_media":8201,"comment_status":"closed","ping_status":"closed","template":"","meta":[],"product_cat":[68],"product_tag":[],"class_list":{"0":"post-8178","1":"product","2":"type-product","3":"status-publish","4":"has-post-thumbnail","6":"product_cat-sertifika-sistemleri","8":"first","9":"instock","10":"shipping-taxable","11":"purchasable","12":"product-type-simple"},"_links":{"self":[{"href":"https:\/\/www.mlakdeniz.com\/shop\/wp-json\/wp\/v2\/product\/8178","targetHints":{"allow":["GET"]}}],"collection":[{"href":"https:\/\/www.mlakdeniz.com\/shop\/wp-json\/wp\/v2\/product"}],"about":[{"href":"https:\/\/www.mlakdeniz.com\/shop\/wp-json\/wp\/v2\/types\/product"}],"replies":[{"embeddable":true,"href":"https:\/\/www.mlakdeniz.com\/shop\/wp-json\/wp\/v2\/comments?post=8178"}],"wp:featuredmedia":[{"embeddable":true,"href":"https:\/\/www.mlakdeniz.com\/shop\/wp-json\/wp\/v2\/media\/8201"}],"wp:attachment":[{"href":"https:\/\/www.mlakdeniz.com\/shop\/wp-json\/wp\/v2\/media?parent=8178"}],"wp:term":[{"taxonomy":"product_cat","embeddable":true,"href":"https:\/\/www.mlakdeniz.com\/shop\/wp-json\/wp\/v2\/product_cat?post=8178"},{"taxonomy":"product_tag","embeddable":true,"href":"https:\/\/www.mlakdeniz.com\/shop\/wp-json\/wp\/v2\/product_tag?post=8178"}],"curies":[{"name":"wp","href":"https:\/\/api.w.org\/{rel}","templated":true}]}}