{"id":8160,"date":"2021-10-26T11:11:36","date_gmt":"2021-10-26T11:11:36","guid":{"rendered":"https:\/\/www.mlakdeniz.com\/shop\/?post_type=product&#038;p=8160"},"modified":"2025-01-09T08:56:30","modified_gmt":"2025-01-09T08:56:30","slug":"ml-barkod","status":"publish","type":"product","link":"https:\/\/www.mlakdeniz.com\/shop\/urun\/ml-barkod\/","title":{"rendered":"ML Set"},"content":{"rendered":"<p><strong>\u00dcr\u00fcn Barkodlama\u00a0<\/strong><\/p>\n<p>\u00dcr\u00fcnlerinizin barkodlanmas\u0131 ve etiket \u00e7\u0131kt\u0131s\u0131n\u0131n h\u0131zl\u0131 bir \u015fekilde al\u0131nmas\u0131<\/p>\n<p><strong>Sertifika Katalog\u00a0<\/strong><\/p>\n<p>\u00dcr\u00fcnlerinizi se\u00e7im ekran\u0131ndan katalog halinde \u00e7\u0131kt\u0131s\u0131 veya e-mail ile g\u00f6nderimi<\/p>\n","protected":false},"excerpt":{"rendered":"<p>Sadece P\u0131rlantal\u0131 Mam\u00fcl ve Alt\u0131n \u00fcr\u00fcnlerini Etiketleme olarak kullan\u0131l\u0131r.<\/p>\n<p>P\u0131rlantal\u0131 mamullerinizin ve alt\u0131n modellerinizin resimlerini \u00e7ektikten sonra Sertifika-Katalog b\u00f6l\u00fcm\u00fcn\u00fc kullanarak, kendiniz veya m\u00fc\u015fterileriniz i\u00e7in mamullerinizin sat\u0131\u015f bilgilerini i\u00e7eren resimli dok\u00fcmanlar olu\u015fturabilirsiniz. Kart yaz\u0131c\u0131s\u0131 vas\u0131tas\u0131 ile \u00f6zel dizayn edilmi\u015f \u00fcr\u00fcn sertifikalar\u0131n\u0131 basar.<\/p>\n","protected":false},"featured_media":7896,"comment_status":"closed","ping_status":"closed","template":"","meta":[],"product_cat":[67,68],"product_tag":[],"class_list":{"0":"post-8160","1":"product","2":"type-product","3":"status-publish","4":"has-post-thumbnail","6":"product_cat-etiketleme-urunleri","7":"product_cat-sertifika-sistemleri","9":"first","10":"instock","11":"shipping-taxable","12":"purchasable","13":"product-type-simple"},"_links":{"self":[{"href":"https:\/\/www.mlakdeniz.com\/shop\/wp-json\/wp\/v2\/product\/8160","targetHints":{"allow":["GET"]}}],"collection":[{"href":"https:\/\/www.mlakdeniz.com\/shop\/wp-json\/wp\/v2\/product"}],"about":[{"href":"https:\/\/www.mlakdeniz.com\/shop\/wp-json\/wp\/v2\/types\/product"}],"replies":[{"embeddable":true,"href":"https:\/\/www.mlakdeniz.com\/shop\/wp-json\/wp\/v2\/comments?post=8160"}],"wp:featuredmedia":[{"embeddable":true,"href":"https:\/\/www.mlakdeniz.com\/shop\/wp-json\/wp\/v2\/media\/7896"}],"wp:attachment":[{"href":"https:\/\/www.mlakdeniz.com\/shop\/wp-json\/wp\/v2\/media?parent=8160"}],"wp:term":[{"taxonomy":"product_cat","embeddable":true,"href":"https:\/\/www.mlakdeniz.com\/shop\/wp-json\/wp\/v2\/product_cat?post=8160"},{"taxonomy":"product_tag","embeddable":true,"href":"https:\/\/www.mlakdeniz.com\/shop\/wp-json\/wp\/v2\/product_tag?post=8160"}],"curies":[{"name":"wp","href":"https:\/\/api.w.org\/{rel}","templated":true}]}}