{"id":8155,"date":"2000-10-26T14:17:00","date_gmt":"2000-10-26T14:17:00","guid":{"rendered":"https:\/\/www.mlakdeniz.com\/shop\/?post_type=product&#038;p=8155"},"modified":"2024-01-11T11:39:31","modified_gmt":"2024-01-11T11:39:31","slug":"ml-jewel","status":"publish","type":"product","link":"https:\/\/www.mlakdeniz.com\/shop\/urun\/ml-jewel\/","title":{"rendered":"ML Jewel"},"content":{"rendered":"<p class=\"p1\"><b>Stok Takibi <\/b><\/p>\n<p class=\"p1\">Stoklar\u0131n\u0131z\u0131n giri\u015f, \u00e7\u0131k\u0131\u015f hareketleri ve say\u0131m sistemli kontrol\u00fc<\/p>\n<p class=\"p1\"><b>P\u0131rlanta \u00dcretimi <\/b><\/p>\n<p class=\"p1\">Alt\u0131n ve Ta\u015f stoklar\u0131n\u0131zdan P\u0131rlanta Mam\u00fcl \u00fcretim a\u015famas\u0131<\/p>\n<p class=\"p1\"><b>Cari Hesap Takibi<\/b><\/p>\n<p class=\"p1\"><span class=\"Apple-converted-space\">\u00a0 <\/span>M\u00fc\u015fteri ve tedarik\u00e7ilerinizin bakiyesinin takibi ve kontrol\u00fc<\/p>\n<p class=\"p1\"><b>Faturaland\u0131rma<\/b><\/p>\n<p class=\"p1\">Al\u0131\u015f ve Sat\u0131\u015f faturalar\u0131n\u0131z\u0131 tek bir ekrandan olu\u015fturun, kaydedin, \u00e7\u0131kt\u0131 al\u0131n.<\/p>\n<p class=\"p1\"><b>D\u00f6viz \u2013 Kasa \u2013 Gider <\/b><\/p>\n<p class=\"p1\">T\u00fcm sat\u0131\u015f, tahsilat, harcama ve personel giderlerini y\u00f6netin, giderlerinizi takip edin<\/p>\n<p class=\"p1\"><b>Personel Hakedi\u015f<\/b><\/p>\n<p class=\"p1\">Maa\u015f, avans, mesai ve prim gibi personel giderlerinin y\u00f6netimi<\/p>\n<p class=\"p1\"><b>Tamir Sipari\u015f <\/b><\/p>\n<p class=\"p1\">M\u00fc\u015fterilerin tamir ve sipari\u015f i\u015flemlerini kay\u0131t alt\u0131na alarak takibini kolayla\u015ft\u0131r\u0131n<\/p>\n<p class=\"p1\"><b>Raporlama <\/b><\/p>\n<p class=\"p1\">Yap\u0131lan sat\u0131\u015flarda Kar-Zarar analizi ve sat\u0131\u015f raporlar\u0131n\u0131n al\u0131nmas\u0131<\/p>\n<p class=\"p1\"><b>Online Kur<\/b><\/p>\n<p class=\"p1\">Anl\u0131k i\u015flemlerinizde g\u00fcncel kur alma \u00f6zelli\u011fi<\/p>\n","protected":false},"excerpt":{"rendered":"<p>Alt\u0131n P\u0131rlanta G\u00fcm\u00fc\u015f Toptanc\u0131lar\u0131<\/p>\n<p>Perakende Kuyumculuk Ma\u011fazalar\u0131<\/p>\n<p>P\u0131rlantal\u0131 Mam\u00fcl \u00dcretici ve Toptanc\u0131lar\u0131<\/p>\n<p>P\u0131rlanta \u00dcretim Mod\u00fcll\u00fc<\/p>\n<p>Etiket ve Sertifika Mod\u00fcl\u00fc Yoktur.<\/p>\n","protected":false},"featured_media":7896,"comment_status":"closed","ping_status":"closed","template":"","meta":[],"product_cat":[15],"product_tag":[],"class_list":{"0":"post-8155","1":"product","2":"type-product","3":"status-publish","4":"has-post-thumbnail","6":"product_cat-kuyumculuk-programlari","8":"first","9":"instock","10":"shipping-taxable","11":"purchasable","12":"product-type-simple"},"_links":{"self":[{"href":"https:\/\/www.mlakdeniz.com\/shop\/wp-json\/wp\/v2\/product\/8155","targetHints":{"allow":["GET"]}}],"collection":[{"href":"https:\/\/www.mlakdeniz.com\/shop\/wp-json\/wp\/v2\/product"}],"about":[{"href":"https:\/\/www.mlakdeniz.com\/shop\/wp-json\/wp\/v2\/types\/product"}],"replies":[{"embeddable":true,"href":"https:\/\/www.mlakdeniz.com\/shop\/wp-json\/wp\/v2\/comments?post=8155"}],"wp:featuredmedia":[{"embeddable":true,"href":"https:\/\/www.mlakdeniz.com\/shop\/wp-json\/wp\/v2\/media\/7896"}],"wp:attachment":[{"href":"https:\/\/www.mlakdeniz.com\/shop\/wp-json\/wp\/v2\/media?parent=8155"}],"wp:term":[{"taxonomy":"product_cat","embeddable":true,"href":"https:\/\/www.mlakdeniz.com\/shop\/wp-json\/wp\/v2\/product_cat?post=8155"},{"taxonomy":"product_tag","embeddable":true,"href":"https:\/\/www.mlakdeniz.com\/shop\/wp-json\/wp\/v2\/product_tag?post=8155"}],"curies":[{"name":"wp","href":"https:\/\/api.w.org\/{rel}","templated":true}]}}