{"id":7970,"date":"2021-10-19T13:51:36","date_gmt":"2021-10-19T13:51:36","guid":{"rendered":"https:\/\/www.mlakdeniz.com\/shop\/?post_type=product&#038;p=7970"},"modified":"2025-01-09T09:00:03","modified_gmt":"2025-01-09T09:00:03","slug":"hprt-mobil-fis-yazici","status":"publish","type":"product","link":"https:\/\/www.mlakdeniz.com\/shop\/urun\/hprt-mobil-fis-yazici\/","title":{"rendered":"HPRT Mobil Fi\u015f Yaz\u0131c\u0131"},"content":{"rendered":"<p>203dpi y\u00fcksek bask\u0131 kalitesi,<\/p>\n<p>72mm max. bask\u0131 geni\u015fli\u011fi,<\/p>\n<p>50km kafa yaz\u0131c\u0131 \u00f6mr\u00fc,<\/p>\n<p>70mm\/sn maksimum bask\u0131 h\u0131z\u0131,<\/p>\n<p>Mikro USB ve Bluetooth ba\u011flant\u0131 arabirimleri,<\/p>\n<p>Mikro USB kablosu ile \u015farj olabilme<\/p>\n<div id=\"jp-relatedposts\" class=\"jp-relatedposts\">\n<div class=\"jp-relatedposts-items jp-relatedposts-items-minimal jp-relatedposts-list \">\n<p class=\"jp-relatedposts-post jp-relatedposts-post0\" data-post-id=\"2432\" data-post-format=\"false\">\n<\/div>\n<\/div>\n","protected":false},"excerpt":{"rendered":"<p><span id=\"shipmentDetailBtn\">Teslimat Bilgisi:\u00a0<strong>\u00dccretsiz Kargo<\/strong><\/span><\/p>\n<p><span class=\"cargoTime-container\"><i class=\"cargoTime\">En ge\u00e7<strong>\u00a02 i\u015f g\u00fcn\u00fc<\/strong>\u00a0i\u00e7erisinde kargoya verilir<\/i><\/span><\/p>\n<p>HPRT HM-E300 kablosuz ta\u015f\u0131nabilir fi\u015f yaz\u0131c\u0131<\/p>\n","protected":false},"featured_media":7971,"comment_status":"closed","ping_status":"closed","template":"","meta":[],"product_cat":[66],"product_tag":[],"class_list":{"0":"post-7970","1":"product","2":"type-product","3":"status-publish","4":"has-post-thumbnail","6":"product_cat-sistem-paketleri","8":"first","9":"instock","10":"shipping-taxable","11":"purchasable","12":"product-type-simple"},"_links":{"self":[{"href":"https:\/\/www.mlakdeniz.com\/shop\/wp-json\/wp\/v2\/product\/7970","targetHints":{"allow":["GET"]}}],"collection":[{"href":"https:\/\/www.mlakdeniz.com\/shop\/wp-json\/wp\/v2\/product"}],"about":[{"href":"https:\/\/www.mlakdeniz.com\/shop\/wp-json\/wp\/v2\/types\/product"}],"replies":[{"embeddable":true,"href":"https:\/\/www.mlakdeniz.com\/shop\/wp-json\/wp\/v2\/comments?post=7970"}],"wp:featuredmedia":[{"embeddable":true,"href":"https:\/\/www.mlakdeniz.com\/shop\/wp-json\/wp\/v2\/media\/7971"}],"wp:attachment":[{"href":"https:\/\/www.mlakdeniz.com\/shop\/wp-json\/wp\/v2\/media?parent=7970"}],"wp:term":[{"taxonomy":"product_cat","embeddable":true,"href":"https:\/\/www.mlakdeniz.com\/shop\/wp-json\/wp\/v2\/product_cat?post=7970"},{"taxonomy":"product_tag","embeddable":true,"href":"https:\/\/www.mlakdeniz.com\/shop\/wp-json\/wp\/v2\/product_tag?post=7970"}],"curies":[{"name":"wp","href":"https:\/\/api.w.org\/{rel}","templated":true}]}}