{"id":7964,"date":"2021-10-19T13:37:33","date_gmt":"2021-10-19T13:37:33","guid":{"rendered":"https:\/\/www.mlakdeniz.com\/shop\/?post_type=product&#038;p=7964"},"modified":"2023-03-23T13:42:01","modified_gmt":"2023-03-23T13:42:01","slug":"possify-fis-yazici","status":"publish","type":"product","link":"https:\/\/www.mlakdeniz.com\/shop\/urun\/possify-fis-yazici\/","title":{"rendered":"Possify Fi\u015f Yaz\u0131c\u0131 FY825XC Plus"},"content":{"rendered":"<p>250 mm\/sec Y\u00fcksek h\u0131zda yazma<br \/>\nESC\/POS ve star komut setleri ile uyumlu<br \/>\nDahili 128K veri tamponu<br \/>\nParalel port, seri port, USB, LAN<br \/>\nA\u011f ve mutfak yaz\u0131c\u0131 deste\u011fi<br \/>\nYazma ve hata alarm fonksiyonlar\u0131<br \/>\nYaz\u0131c\u0131 kimlik do\u011frulama ve yaz\u0131l\u0131m paketi<br \/>\nA\u011f durum izleme deste\u011fi<br \/>\nOPOS s\u00fcr\u00fcc\u00fc deste\u011fi<br \/>\nKa\u011f\u0131t sonu alg\u0131lama<br \/>\nSiyah nokta deste\u011fi<br \/>\nVirtual COM portda \u00e7al\u0131\u015fma<br \/>\nWeb Sayfas\u0131ndan yaz\u0131c\u0131 ayar\u0131<br \/>\nSeri ve USB portdan IP de\u011fi\u015fimi<\/p>\n","protected":false},"excerpt":{"rendered":"<p><span class=\"cargoTime-container\"><i class=\"cargoTime\">En ge\u00e7<strong>\u00a03-5 i\u015f g\u00fcn\u00fc<\/strong>\u00a0i\u00e7erisinde kargoya verilir<\/i><\/span><\/p>\n<p>Possify MY8X TermaL Fi\u015f Yaz\u0131c\u0131<\/p>\n<p>???? Fi\u015flerin, sipari\u015flerin grafik formatlarda da bas\u0131lmas\u0131 i\u00e7in tek istasyonlu termal yaz\u0131c\u0131 olan 250 mm\/saniyeye e\u015fit h\u0131z\u0131 fi\u015f kesilmesi s\u00fcresini minimuma d\u00fc\u015f\u00fcren y\u00fcksek yazd\u0131rma h\u0131z\u0131 ve kullan\u0131m pratikli\u011fine sahip bir fi\u015f yaz\u0131c\u0131s\u0131d\u0131r.<\/p>\n","protected":false},"featured_media":7965,"comment_status":"closed","ping_status":"closed","template":"","meta":[],"product_cat":[66],"product_tag":[],"class_list":{"0":"post-7964","1":"product","2":"type-product","3":"status-publish","4":"has-post-thumbnail","6":"product_cat-sistem-paketleri","8":"first","9":"instock","10":"shipping-taxable","11":"purchasable","12":"product-type-simple"},"_links":{"self":[{"href":"https:\/\/www.mlakdeniz.com\/shop\/wp-json\/wp\/v2\/product\/7964","targetHints":{"allow":["GET"]}}],"collection":[{"href":"https:\/\/www.mlakdeniz.com\/shop\/wp-json\/wp\/v2\/product"}],"about":[{"href":"https:\/\/www.mlakdeniz.com\/shop\/wp-json\/wp\/v2\/types\/product"}],"replies":[{"embeddable":true,"href":"https:\/\/www.mlakdeniz.com\/shop\/wp-json\/wp\/v2\/comments?post=7964"}],"wp:featuredmedia":[{"embeddable":true,"href":"https:\/\/www.mlakdeniz.com\/shop\/wp-json\/wp\/v2\/media\/7965"}],"wp:attachment":[{"href":"https:\/\/www.mlakdeniz.com\/shop\/wp-json\/wp\/v2\/media?parent=7964"}],"wp:term":[{"taxonomy":"product_cat","embeddable":true,"href":"https:\/\/www.mlakdeniz.com\/shop\/wp-json\/wp\/v2\/product_cat?post=7964"},{"taxonomy":"product_tag","embeddable":true,"href":"https:\/\/www.mlakdeniz.com\/shop\/wp-json\/wp\/v2\/product_tag?post=7964"}],"curies":[{"name":"wp","href":"https:\/\/api.w.org\/{rel}","templated":true}]}}