{"id":7954,"date":"2021-10-19T13:26:05","date_gmt":"2021-10-19T13:26:05","guid":{"rendered":"https:\/\/www.mlakdeniz.com\/shop\/?post_type=product&#038;p=7954"},"modified":"2023-07-27T10:49:51","modified_gmt":"2023-07-27T10:49:51","slug":"eset-nod32-antivirus-prg-1-kull-yil","status":"publish","type":"product","link":"https:\/\/www.mlakdeniz.com\/shop\/urun\/eset-nod32-antivirus-prg-1-kull-yil\/","title":{"rendered":"Eset Nod32 Antivir\u00fcs 1 Kull \/ Y\u0131l"},"content":{"rendered":"<p>Windows i\u015fletim sistemi kurulu bilgisayarlar i\u00e7in \u00fcretilmi\u015ftir.<br \/>\nVir\u00fcsler, fidye yaz\u0131l\u0131mlar\u0131, rootkitler, solucanlar, trojenler ve casus yaz\u0131l\u0131mlar da dahil olmak \u00fczere zararl\u0131 yaz\u0131l\u0131mlara kar\u015f\u0131 etkilidir.<br \/>\nTek Bilgisayar 1 kullan\u0131c\u0131 i\u00e7indir.<\/p>\n","protected":false},"excerpt":{"rendered":"<p><i>Online Y\u00fckleme An\u0131nda Teslim\u00a0<\/i><\/p>\n<p>Casus yaz\u0131l\u0131mlara kar\u015f\u0131 bilgisayar\u0131n\u0131z\u0131 ve verilerinizi koruma alan\u0131nda en \u00e7ok talep g\u00f6ren yaz\u0131l\u0131m Eset NOD32<\/p>\n","protected":false},"featured_media":7956,"comment_status":"closed","ping_status":"closed","template":"","meta":[],"product_cat":[66],"product_tag":[],"class_list":{"0":"post-7954","1":"product","2":"type-product","3":"status-publish","4":"has-post-thumbnail","6":"product_cat-sistem-paketleri","8":"first","9":"instock","10":"shipping-taxable","11":"purchasable","12":"product-type-simple"},"_links":{"self":[{"href":"https:\/\/www.mlakdeniz.com\/shop\/wp-json\/wp\/v2\/product\/7954","targetHints":{"allow":["GET"]}}],"collection":[{"href":"https:\/\/www.mlakdeniz.com\/shop\/wp-json\/wp\/v2\/product"}],"about":[{"href":"https:\/\/www.mlakdeniz.com\/shop\/wp-json\/wp\/v2\/types\/product"}],"replies":[{"embeddable":true,"href":"https:\/\/www.mlakdeniz.com\/shop\/wp-json\/wp\/v2\/comments?post=7954"}],"wp:featuredmedia":[{"embeddable":true,"href":"https:\/\/www.mlakdeniz.com\/shop\/wp-json\/wp\/v2\/media\/7956"}],"wp:attachment":[{"href":"https:\/\/www.mlakdeniz.com\/shop\/wp-json\/wp\/v2\/media?parent=7954"}],"wp:term":[{"taxonomy":"product_cat","embeddable":true,"href":"https:\/\/www.mlakdeniz.com\/shop\/wp-json\/wp\/v2\/product_cat?post=7954"},{"taxonomy":"product_tag","embeddable":true,"href":"https:\/\/www.mlakdeniz.com\/shop\/wp-json\/wp\/v2\/product_tag?post=7954"}],"curies":[{"name":"wp","href":"https:\/\/api.w.org\/{rel}","templated":true}]}}