{"id":7928,"date":"2021-10-15T06:39:07","date_gmt":"2021-10-15T06:39:07","guid":{"rendered":"https:\/\/www.mlakdeniz.com\/shop\/?post_type=product&#038;p=7928"},"modified":"2025-01-09T09:01:40","modified_gmt":"2025-01-09T09:01:40","slug":"zebra-zd220-barkod-yazici","status":"publish","type":"product","link":"https:\/\/www.mlakdeniz.com\/shop\/urun\/zebra-zd220-barkod-yazici\/","title":{"rendered":"Zebra ZD220t Barkod Yaz\u0131c\u0131"},"content":{"rendered":"<p>Ergonomik tasar\u0131m,<br \/>\nRibonlu ve ribonsuz (termal) etiket bas\u0131m\u0131,<br \/>\nH\u0131zl\u0131 ve bir o kadar da sessiz bask\u0131 teknolojisi,<br \/>\n203 dpi ile y\u00fcksek bask\u0131 teknolojisi,<br \/>\nParalel, USB ve RS-232 ba\u011flant\u0131 arabirimleri.<\/p>\n","protected":false},"excerpt":{"rendered":"<div class=\"woocommerce-product-details__short-description\">\n<div class=\"woocommerce-product-details__short-description\">\n<div class=\"woocommerce-product-details__short-description\">\n<div class=\"woocommerce-product-details__short-description\">\n<p><span id=\"shipmentDetailBtn\">Teslimat Bilgisi:\u00a0<strong>\u00dccretsiz Kargo<\/strong><\/span><\/p>\n<p><span class=\"cargoTime-container\"><i class=\"cargoTime\">En ge\u00e7\u00a0<strong>2 i\u015f g\u00fcn\u00fc<\/strong> i\u00e7erisinde kargoya verilir.<\/i><\/span><\/p>\n<\/div>\n<\/div>\n<\/div>\n<\/div>\n","protected":false},"featured_media":8198,"comment_status":"closed","ping_status":"closed","template":"","meta":[],"product_cat":[67],"product_tag":[],"class_list":{"0":"post-7928","1":"product","2":"type-product","3":"status-publish","4":"has-post-thumbnail","6":"product_cat-etiketleme-urunleri","8":"first","9":"instock","10":"shipping-taxable","11":"purchasable","12":"product-type-simple"},"_links":{"self":[{"href":"https:\/\/www.mlakdeniz.com\/shop\/wp-json\/wp\/v2\/product\/7928","targetHints":{"allow":["GET"]}}],"collection":[{"href":"https:\/\/www.mlakdeniz.com\/shop\/wp-json\/wp\/v2\/product"}],"about":[{"href":"https:\/\/www.mlakdeniz.com\/shop\/wp-json\/wp\/v2\/types\/product"}],"replies":[{"embeddable":true,"href":"https:\/\/www.mlakdeniz.com\/shop\/wp-json\/wp\/v2\/comments?post=7928"}],"wp:featuredmedia":[{"embeddable":true,"href":"https:\/\/www.mlakdeniz.com\/shop\/wp-json\/wp\/v2\/media\/8198"}],"wp:attachment":[{"href":"https:\/\/www.mlakdeniz.com\/shop\/wp-json\/wp\/v2\/media?parent=7928"}],"wp:term":[{"taxonomy":"product_cat","embeddable":true,"href":"https:\/\/www.mlakdeniz.com\/shop\/wp-json\/wp\/v2\/product_cat?post=7928"},{"taxonomy":"product_tag","embeddable":true,"href":"https:\/\/www.mlakdeniz.com\/shop\/wp-json\/wp\/v2\/product_tag?post=7928"}],"curies":[{"name":"wp","href":"https:\/\/api.w.org\/{rel}","templated":true}]}}