{"id":7920,"date":"2021-10-15T06:33:33","date_gmt":"2021-10-15T06:33:33","guid":{"rendered":"https:\/\/www.mlakdeniz.com\/shop\/?post_type=product&#038;p=7920"},"modified":"2026-02-13T10:28:29","modified_gmt":"2026-02-13T10:28:29","slug":"tiger-bs92-kablosuz-barkod-okuyucu","status":"publish","type":"product","link":"https:\/\/www.mlakdeniz.com\/shop\/urun\/tiger-bs92-kablosuz-barkod-okuyucu\/","title":{"rendered":"Tiger BS92 Kablosuz Barkod Okuyucu"},"content":{"rendered":"<div class=\"woocommerce-product-details__short-description\">\n<div>Say\u0131m ve Okumalar\u0131n\u0131za h\u0131z kat\u0131n !<\/div>\n<div><\/div>\n<div>D\u00fc\u015fmeye ve darbelere dayan\u0131kl\u0131<\/div>\n<div>Y\u00fcksek performansl\u0131 h\u0131zl\u0131 ve do\u011fru okuma<\/div>\n<div>8-10 saat pil \u00f6mr\u00fc<\/div>\n<div>10 mt ileti\u015fim mesafesi<\/div>\n<div>Tak-\u00e7al\u0131\u015ft\u0131r sayesinde kolay e\u015fle\u015ftirme<\/div>\n<div>Bluetooth olmayan cihazlar i\u00e7in kendi usb kiti ile ba\u011flant\u0131 imkan\u0131<\/div>\n<div>2.4 GHZ + Bluetooth 5.0 deste\u011fi<\/div>\n<div>Android, IOS ve Windows tabanl\u0131 \u00fcr\u00fcnlerle uyumlu<\/div>\n<div>2 MB haf\u0131zas\u0131 ile 150.000&#8242; e kadar barkod kapasitesi<\/div>\n<\/div>\n","protected":false},"excerpt":{"rendered":"<div class=\"woocommerce-product-details__short-description\">\n<div class=\"woocommerce-product-details__short-description\">\n<p><span id=\"shipmentDetailBtn\">Teslimat Bilgisi:\u00a0<strong>\u00dccretsiz Kargo<\/strong><\/span><\/p>\n<p><span class=\"cargoTime-container\"><i class=\"cargoTime\">En ge\u00e7\u00a0<strong>2 i\u015f g\u00fcn\u00fc<\/strong>\u00a0i\u00e7erisinde kargoya verilir<\/i><\/span><\/p>\n<\/div>\n<\/div>\n","protected":false},"featured_media":8234,"comment_status":"closed","ping_status":"closed","template":"","meta":[],"product_cat":[66],"product_tag":[],"class_list":{"0":"post-7920","1":"product","2":"type-product","3":"status-publish","4":"has-post-thumbnail","6":"product_cat-sistem-paketleri","8":"first","9":"instock","10":"shipping-taxable","11":"purchasable","12":"product-type-simple"},"_links":{"self":[{"href":"https:\/\/www.mlakdeniz.com\/shop\/wp-json\/wp\/v2\/product\/7920","targetHints":{"allow":["GET"]}}],"collection":[{"href":"https:\/\/www.mlakdeniz.com\/shop\/wp-json\/wp\/v2\/product"}],"about":[{"href":"https:\/\/www.mlakdeniz.com\/shop\/wp-json\/wp\/v2\/types\/product"}],"replies":[{"embeddable":true,"href":"https:\/\/www.mlakdeniz.com\/shop\/wp-json\/wp\/v2\/comments?post=7920"}],"wp:featuredmedia":[{"embeddable":true,"href":"https:\/\/www.mlakdeniz.com\/shop\/wp-json\/wp\/v2\/media\/8234"}],"wp:attachment":[{"href":"https:\/\/www.mlakdeniz.com\/shop\/wp-json\/wp\/v2\/media?parent=7920"}],"wp:term":[{"taxonomy":"product_cat","embeddable":true,"href":"https:\/\/www.mlakdeniz.com\/shop\/wp-json\/wp\/v2\/product_cat?post=7920"},{"taxonomy":"product_tag","embeddable":true,"href":"https:\/\/www.mlakdeniz.com\/shop\/wp-json\/wp\/v2\/product_tag?post=7920"}],"curies":[{"name":"wp","href":"https:\/\/api.w.org\/{rel}","templated":true}]}}