{"id":7914,"date":"2021-10-15T06:30:08","date_gmt":"2021-10-15T06:30:08","guid":{"rendered":"https:\/\/www.mlakdeniz.com\/shop\/?post_type=product&#038;p=7914"},"modified":"2026-02-13T10:29:35","modified_gmt":"2026-02-13T10:29:35","slug":"ithal-beyaz-etiket","status":"publish","type":"product","link":"https:\/\/www.mlakdeniz.com\/shop\/urun\/ithal-beyaz-etiket\/","title":{"rendered":"\u0130thal Beyaz Etiket"},"content":{"rendered":"<div class=\"woocommerce-product-details__short-description\">\n<p>Is\u0131 , \u0131\u015f\u0131k ve sudan etkilenmeyen Zebra yaz\u0131c\u0131larda kullan\u0131lan ,y\u0131kamaya ve cilaya kar\u015f\u0131 dayan\u0131kl\u0131 \u00f6zel plastik etiketlerdir<\/p>\n<\/div>\n","protected":false},"excerpt":{"rendered":"<div class=\"woocommerce-product-details__short-description\">\n<div class=\"woocommerce-product-details__short-description\">\n<p><b>Beyaz<\/b><\/p>\n<p>1 rulo 1250 adet etiket i\u00e7erir.<\/p>\n<p>ML Yaz\u0131l\u0131m taraf\u0131ndan ithal edilen \u00f6zel poliamid kuyumculuk etiketi<\/p>\n<\/div>\n<\/div>\n","protected":false},"featured_media":7916,"comment_status":"closed","ping_status":"closed","template":"","meta":[],"product_cat":[67],"product_tag":[],"class_list":{"0":"post-7914","1":"product","2":"type-product","3":"status-publish","4":"has-post-thumbnail","6":"product_cat-etiketleme-urunleri","8":"first","9":"instock","10":"shipping-taxable","11":"purchasable","12":"product-type-simple"},"_links":{"self":[{"href":"https:\/\/www.mlakdeniz.com\/shop\/wp-json\/wp\/v2\/product\/7914","targetHints":{"allow":["GET"]}}],"collection":[{"href":"https:\/\/www.mlakdeniz.com\/shop\/wp-json\/wp\/v2\/product"}],"about":[{"href":"https:\/\/www.mlakdeniz.com\/shop\/wp-json\/wp\/v2\/types\/product"}],"replies":[{"embeddable":true,"href":"https:\/\/www.mlakdeniz.com\/shop\/wp-json\/wp\/v2\/comments?post=7914"}],"wp:featuredmedia":[{"embeddable":true,"href":"https:\/\/www.mlakdeniz.com\/shop\/wp-json\/wp\/v2\/media\/7916"}],"wp:attachment":[{"href":"https:\/\/www.mlakdeniz.com\/shop\/wp-json\/wp\/v2\/media?parent=7914"}],"wp:term":[{"taxonomy":"product_cat","embeddable":true,"href":"https:\/\/www.mlakdeniz.com\/shop\/wp-json\/wp\/v2\/product_cat?post=7914"},{"taxonomy":"product_tag","embeddable":true,"href":"https:\/\/www.mlakdeniz.com\/shop\/wp-json\/wp\/v2\/product_tag?post=7914"}],"curies":[{"name":"wp","href":"https:\/\/api.w.org\/{rel}","templated":true}]}}