{"id":8194,"date":"2021-11-02T14:52:28","date_gmt":"2021-11-02T14:52:28","guid":{"rendered":"https:\/\/www.mlakdeniz.com\/shop\/?page_id=8194"},"modified":"2021-11-02T14:53:27","modified_gmt":"2021-11-02T14:53:27","slug":"karsilastir","status":"publish","type":"page","link":"https:\/\/www.mlakdeniz.com\/shop\/karsilastir\/","title":{"rendered":"Kar\u015f\u0131la\u015ft\u0131r"},"content":{"rendered":"\t\t\t\t\t<div class=\"wd-compare-table\">\n\t\t\t\t\t\t\t\t<p class=\"wd-empty-compare wd-empty-page\">\n\t\t\t\t\t\tKar\u015f\u0131la\u015ft\u0131rma listeniz bo\u015f!\t\t\t\t\t<\/p>\n\t\t\t\t\t\t\t\t\t\t\t<div class=\"wd-empty-page-text\">Kar\u015f\u0131la\u015ft\u0131rma listesine eklenmi\u015f \u00fcr\u00fcn yok. Kar\u015f\u0131la\u015ft\u0131rmak i\u00e7in birka\u00e7 \u00fcr\u00fcn eklemelisiniz.<br> \"Ma\u011faza\" sayfam\u0131zda bir\u00e7ok ilgin\u00e7 \u00fcr\u00fcn bulacaks\u0131n\u0131z.<\/div>\n\t\t\t\t\t\t\t\t\t\t<p class=\"return-to-shop\">\n\t\t\t\t\t\t<a class=\"button\" href=\"https:\/\/www.mlakdeniz.com\/shop\/magaza\/\">\n\t\t\t\t\t\t\tAl\u0131\u015fveri\u015fe Devam Et\t\t\t\t\t\t<\/a>\n\t\t\t\t\t<\/p>\n\t\t\t\t\t\t<\/div>\n\t\t\t\t\n","protected":false},"excerpt":{"rendered":"Kar\u015f\u0131la\u015ft\u0131rma listeniz bo\u015f! Kar\u015f\u0131la\u015ft\u0131rma listesine eklenmi\u015f \u00fcr\u00fcn yok. Kar\u015f\u0131la\u015ft\u0131rmak i\u00e7in birka\u00e7 \u00fcr\u00fcn eklemelisiniz. \"Ma\u011faza\" sayfam\u0131zda bir\u00e7ok ilgin\u00e7 \u00fcr\u00fcn bulacaks\u0131n\u0131z. Al\u0131\u015fveri\u015fe","protected":false},"author":2,"featured_media":0,"parent":0,"menu_order":0,"comment_status":"closed","ping_status":"closed","template":"","meta":{"footnotes":""},"class_list":["post-8194","page","type-page","status-publish","hentry"],"_links":{"self":[{"href":"https:\/\/www.mlakdeniz.com\/shop\/wp-json\/wp\/v2\/pages\/8194","targetHints":{"allow":["GET"]}}],"collection":[{"href":"https:\/\/www.mlakdeniz.com\/shop\/wp-json\/wp\/v2\/pages"}],"about":[{"href":"https:\/\/www.mlakdeniz.com\/shop\/wp-json\/wp\/v2\/types\/page"}],"author":[{"embeddable":true,"href":"https:\/\/www.mlakdeniz.com\/shop\/wp-json\/wp\/v2\/users\/2"}],"replies":[{"embeddable":true,"href":"https:\/\/www.mlakdeniz.com\/shop\/wp-json\/wp\/v2\/comments?post=8194"}],"version-history":[{"count":1,"href":"https:\/\/www.mlakdeniz.com\/shop\/wp-json\/wp\/v2\/pages\/8194\/revisions"}],"predecessor-version":[{"id":8195,"href":"https:\/\/www.mlakdeniz.com\/shop\/wp-json\/wp\/v2\/pages\/8194\/revisions\/8195"}],"wp:attachment":[{"href":"https:\/\/www.mlakdeniz.com\/shop\/wp-json\/wp\/v2\/media?parent=8194"}],"curies":[{"name":"wp","href":"https:\/\/api.w.org\/{rel}","templated":true}]}}